{"id":11439,"date":"2024-09-17T10:40:44","date_gmt":"2024-09-17T08:40:44","guid":{"rendered":"https:\/\/radiolitoral.com\/?page_id=11439"},"modified":"2024-09-17T11:49:52","modified_gmt":"2024-09-17T09:49:52","slug":"tarifes","status":"publish","type":"page","link":"https:\/\/radiolitoral.com\/ca\/tarifas\/","title":{"rendered":"Tarifes"},"content":{"rendered":"<p><img loading=\"lazy\" decoding=\"async\" class=\"wp-image-11440 aligncenter\" style=\"color: var(--bs-body-color); font-family: var(--bs-body-font-family); font-size: var(--bs-body-font-size); font-weight: var(--bs-body-font-weight); text-align: var(--bs-body-text-align);\" src=\"https:\/\/media.radiolitoral.com\/wp-content\/uploads\/2024\/09\/17103950\/Logo-radio-litoral-imprenta_vertical-png-300x300.png\" alt=\"\" width=\"225\" height=\"225\" srcset=\"https:\/\/media.radiolitoral.com\/wp-content\/uploads\/2024\/09\/17103950\/Logo-radio-litoral-imprenta_vertical-png-300x300.png 300w, https:\/\/media.radiolitoral.com\/wp-content\/uploads\/2024\/09\/17103950\/Logo-radio-litoral-imprenta_vertical-png-1024x1024.png 1024w, https:\/\/media.radiolitoral.com\/wp-content\/uploads\/2024\/09\/17103950\/Logo-radio-litoral-imprenta_vertical-png-150x150.png 150w, https:\/\/media.radiolitoral.com\/wp-content\/uploads\/2024\/09\/17103950\/Logo-radio-litoral-imprenta_vertical-png-768x768.png 768w, https:\/\/media.radiolitoral.com\/wp-content\/uploads\/2024\/09\/17103950\/Logo-radio-litoral-imprenta_vertical-png-1536x1536.png 1536w, https:\/\/media.radiolitoral.com\/wp-content\/uploads\/2024\/09\/17103950\/Logo-radio-litoral-imprenta_vertical-png-2048x2048.png 2048w, https:\/\/media.radiolitoral.com\/wp-content\/uploads\/2024\/09\/17103950\/Logo-radio-litoral-imprenta_vertical-png-12x12.png 12w, https:\/\/media.radiolitoral.com\/wp-content\/uploads\/2024\/09\/17103950\/Logo-radio-litoral-imprenta_vertical-png-1000x1000.png 1000w, https:\/\/media.radiolitoral.com\/wp-content\/uploads\/2024\/09\/17103950\/Logo-radio-litoral-imprenta_vertical-png-100x100.png 100w, https:\/\/media.radiolitoral.com\/wp-content\/uploads\/2024\/09\/17103950\/Logo-radio-litoral-imprenta_vertical-png-200x200.png 200w\" sizes=\"auto, (max-width: 225px) 100vw, 225px\" \/><\/p>\n<p style=\"text-align: left;\"><strong>R\u00e0dio Litoral<\/strong> \u00e9s l&#039;emissora l\u00edder al sud de la Marina Alta, amb una cobertura que abasta tota la comarca i les zones ve\u00efnes. Amb m\u00e9s de tres d\u00e8cades d&#039;experi\u00e8ncia, som el referent informatiu<span style=\"background-color: var(--bs-body-bg); color: var(--bs-body-color); font-family: var(--bs-body-font-family); font-size: var(--bs-body-font-size); font-weight: var(--bs-body-font-weight); text-align: var(--bs-body-text-align);\">o en el nostre \u00e0mbit geogr\u00e0fic.<\/span><\/p>\n<p style=\"text-align: left;\">Litoral ofereix una r\u00e0dio de proximitat, que entret\u00e9 i informa, on gaudir d\u00b4una extensa programaci\u00f3 que combina informaci\u00f3 nacional i not\u00edcies locals, entrevistes a protagonistes destacats i una selecci\u00f3 musical acuradament triada per arribar a una \u00e0mplia audi\u00e8ncia.<\/p>\n<p style=\"text-align: left;\">Anuncia&#039;t a R\u00e0dio Litoral . <strong>Tarifa: 15\u20ac + IVA\/preu unitari per falca fins a 20\u201d<\/strong>, en qualsevol franja hor\u00e0ria i dia.<\/p>\n<p style=\"text-align: left;\">Contacta&#039;ns i planificarem la millor campanya publicit\u00e0ria per a tu. Us proporcionem un servei personalitzat per crear l&#039;anunci perfecte, segons les necessitats del vostre producte o servei.<\/p>","protected":false},"excerpt":{"rendered":"<p>R\u00e0dio Litoral es la emisora l\u00edder en el sur de la Marina Alta, con una cobertura que abarca toda la comarca y zonas vecinas. Con m\u00e1s de tres d\u00e9cadas de experiencia, somos el referente informativo en nuestro \u00e1mbito geogr\u00e1fico. Litoral ofrece una radio de proximidad, que entretiene e informa, donde disfrutar de una extensa programaci\u00f3n [&#8230;]<\/p>\n<p><a class=\"btn btn-secondary understrap-read-more-link\" href=\"https:\/\/radiolitoral.com\/ca\/tarifas\/\">Continua llegint&#8230;<span class=\"screen-reader-text\"> from Tarifas<\/span><\/a><\/p>\n","protected":false},"author":15,"featured_media":0,"parent":0,"menu_order":0,"comment_status":"closed","ping_status":"closed","template":"","meta":{"_acf_changed":false,"inline_featured_image":false,"footnotes":""},"class_list":["post-11439","page","type-page","status-publish","hentry"],"acf":[],"yoast_head":"<!-- This site is optimized with the Yoast SEO plugin v27.5 - https:\/\/yoast.com\/product\/yoast-seo-wordpress\/ -->\n<title>Tarifas | R\u00e0dio Litoral<\/title>\n<meta name=\"robots\" content=\"index, follow, max-snippet:-1, max-image-preview:large, max-video-preview:-1\" \/>\n<link rel=\"canonical\" href=\"https:\/\/radiolitoral.com\/ca\/tarifes\/\" \/>\n<meta property=\"og:locale\" content=\"ca_ES\" \/>\n<meta property=\"og:type\" content=\"article\" \/>\n<meta property=\"og:title\" content=\"Tarifas | R\u00e0dio Litoral\" \/>\n<meta property=\"og:description\" content=\"R\u00e0dio Litoral es la emisora l\u00edder en el sur de la Marina Alta, con una cobertura que abarca toda la comarca y zonas vecinas. Con m\u00e1s de tres d\u00e9cadas de experiencia, somos el referente informativo en nuestro \u00e1mbito geogr\u00e1fico. Litoral ofrece una radio de proximidad, que entretiene e informa, donde disfrutar de una extensa programaci\u00f3n [...]Continua llegint... from Tarifas\" \/>\n<meta property=\"og:url\" content=\"https:\/\/radiolitoral.com\/ca\/tarifes\/\" \/>\n<meta property=\"og:site_name\" content=\"R\u00e0dio Litoral\" \/>\n<meta property=\"article:publisher\" content=\"https:\/\/www.facebook.com\/Laradiolitoral\/\" \/>\n<meta property=\"article:modified_time\" content=\"2024-09-17T09:49:52+00:00\" \/>\n<meta property=\"og:image\" content=\"https:\/\/radiolitoral.com\/wp-content\/uploads\/2024\/09\/Logo-radio-litoral-imprenta_vertical-png-300x300.png\" \/>\n<meta name=\"twitter:card\" content=\"summary_large_image\" \/>\n<meta name=\"twitter:label1\" content=\"Temps estimat de lectura\" \/>\n\t<meta name=\"twitter:data1\" content=\"1 minut\" \/>\n<script type=\"application\/ld+json\" class=\"yoast-schema-graph\">{\"@context\":\"https:\\\/\\\/schema.org\",\"@graph\":[{\"@type\":\"WebPage\",\"@id\":\"https:\\\/\\\/radiolitoral.com\\\/tarifas\\\/\",\"url\":\"https:\\\/\\\/radiolitoral.com\\\/tarifas\\\/\",\"name\":\"Tarifas | R\u00e0dio Litoral\",\"isPartOf\":{\"@id\":\"https:\\\/\\\/radiolitoral.com\\\/#website\"},\"primaryImageOfPage\":{\"@id\":\"https:\\\/\\\/radiolitoral.com\\\/tarifas\\\/#primaryimage\"},\"image\":{\"@id\":\"https:\\\/\\\/radiolitoral.com\\\/tarifas\\\/#primaryimage\"},\"thumbnailUrl\":\"https:\\\/\\\/radiolitoral.com\\\/wp-content\\\/uploads\\\/2024\\\/09\\\/Logo-radio-litoral-imprenta_vertical-png-300x300.png\",\"datePublished\":\"2024-09-17T08:40:44+00:00\",\"dateModified\":\"2024-09-17T09:49:52+00:00\",\"breadcrumb\":{\"@id\":\"https:\\\/\\\/radiolitoral.com\\\/tarifas\\\/#breadcrumb\"},\"inLanguage\":\"ca\",\"potentialAction\":[{\"@type\":\"ReadAction\",\"target\":[\"https:\\\/\\\/radiolitoral.com\\\/tarifas\\\/\"]}]},{\"@type\":\"ImageObject\",\"inLanguage\":\"ca\",\"@id\":\"https:\\\/\\\/radiolitoral.com\\\/tarifas\\\/#primaryimage\",\"url\":\"https:\\\/\\\/radiolitoral.com\\\/wp-content\\\/uploads\\\/2024\\\/09\\\/Logo-radio-litoral-imprenta_vertical-png-300x300.png\",\"contentUrl\":\"https:\\\/\\\/radiolitoral.com\\\/wp-content\\\/uploads\\\/2024\\\/09\\\/Logo-radio-litoral-imprenta_vertical-png-300x300.png\"},{\"@type\":\"BreadcrumbList\",\"@id\":\"https:\\\/\\\/radiolitoral.com\\\/tarifas\\\/#breadcrumb\",\"itemListElement\":[{\"@type\":\"ListItem\",\"position\":1,\"name\":\"Portada\",\"item\":\"https:\\\/\\\/radiolitoral.com\\\/\"},{\"@type\":\"ListItem\",\"position\":2,\"name\":\"Tarifas\"}]},{\"@type\":\"WebSite\",\"@id\":\"https:\\\/\\\/radiolitoral.com\\\/#website\",\"url\":\"https:\\\/\\\/radiolitoral.com\\\/\",\"name\":\"Radio Litoral\",\"description\":\"La radio local de la Marina Alta\",\"publisher\":{\"@id\":\"https:\\\/\\\/radiolitoral.com\\\/#organization\"},\"alternateName\":\"Litoral FM\",\"potentialAction\":[{\"@type\":\"SearchAction\",\"target\":{\"@type\":\"EntryPoint\",\"urlTemplate\":\"https:\\\/\\\/radiolitoral.com\\\/?s={search_term_string}\"},\"query-input\":{\"@type\":\"PropertyValueSpecification\",\"valueRequired\":true,\"valueName\":\"search_term_string\"}}],\"inLanguage\":\"ca\"},{\"@type\":\"Organization\",\"@id\":\"https:\\\/\\\/radiolitoral.com\\\/#organization\",\"name\":\"Radio Litoral\",\"url\":\"https:\\\/\\\/radiolitoral.com\\\/\",\"logo\":{\"@type\":\"ImageObject\",\"inLanguage\":\"ca\",\"@id\":\"https:\\\/\\\/radiolitoral.com\\\/#\\\/schema\\\/logo\\\/image\\\/\",\"url\":\"https:\\\/\\\/media.radiolitoral.com\\\/wp-content\\\/uploads\\\/2023\\\/02\\\/24143238\\\/CL-V-RadioLitoral696.png\",\"contentUrl\":\"https:\\\/\\\/media.radiolitoral.com\\\/wp-content\\\/uploads\\\/2023\\\/02\\\/24143238\\\/CL-V-RadioLitoral696.png\",\"width\":696,\"height\":696,\"caption\":\"Radio Litoral\"},\"image\":{\"@id\":\"https:\\\/\\\/radiolitoral.com\\\/#\\\/schema\\\/logo\\\/image\\\/\"},\"sameAs\":[\"https:\\\/\\\/www.facebook.com\\\/Laradiolitoral\\\/\"]}]}<\/script>\n<!-- \/ Yoast SEO plugin. -->","yoast_head_json":{"title":"Tarifes | R\u00e0dio Litoral","robots":{"index":"index","follow":"follow","max-snippet":"max-snippet:-1","max-image-preview":"max-image-preview:large","max-video-preview":"max-video-preview:-1"},"canonical":"https:\/\/radiolitoral.com\/ca\/tarifes\/","og_locale":"ca_ES","og_type":"article","og_title":"Tarifas | R\u00e0dio Litoral","og_description":"R\u00e0dio Litoral es la emisora l\u00edder en el sur de la Marina Alta, con una cobertura que abarca toda la comarca y zonas vecinas. Con m\u00e1s de tres d\u00e9cadas de experiencia, somos el referente informativo en nuestro \u00e1mbito geogr\u00e1fico. Litoral ofrece una radio de proximidad, que entretiene e informa, donde disfrutar de una extensa programaci\u00f3n [...]Continua llegint... from Tarifas","og_url":"https:\/\/radiolitoral.com\/ca\/tarifes\/","og_site_name":"R\u00e0dio Litoral","article_publisher":"https:\/\/www.facebook.com\/Laradiolitoral\/","article_modified_time":"2024-09-17T09:49:52+00:00","og_image":[{"url":"https:\/\/radiolitoral.com\/wp-content\/uploads\/2024\/09\/Logo-radio-litoral-imprenta_vertical-png-300x300.png","type":"","width":"","height":""}],"twitter_card":"summary_large_image","twitter_misc":{"Temps estimat de lectura":"1 minut"},"schema":{"@context":"https:\/\/schema.org","@graph":[{"@type":"WebPage","@id":"https:\/\/radiolitoral.com\/tarifas\/","url":"https:\/\/radiolitoral.com\/tarifas\/","name":"Tarifes | R\u00e0dio Litoral","isPartOf":{"@id":"https:\/\/radiolitoral.com\/#website"},"primaryImageOfPage":{"@id":"https:\/\/radiolitoral.com\/tarifas\/#primaryimage"},"image":{"@id":"https:\/\/radiolitoral.com\/tarifas\/#primaryimage"},"thumbnailUrl":"https:\/\/radiolitoral.com\/wp-content\/uploads\/2024\/09\/Logo-radio-litoral-imprenta_vertical-png-300x300.png","datePublished":"2024-09-17T08:40:44+00:00","dateModified":"2024-09-17T09:49:52+00:00","breadcrumb":{"@id":"https:\/\/radiolitoral.com\/tarifas\/#breadcrumb"},"inLanguage":"ca","potentialAction":[{"@type":"ReadAction","target":["https:\/\/radiolitoral.com\/tarifas\/"]}]},{"@type":"ImageObject","inLanguage":"ca","@id":"https:\/\/radiolitoral.com\/tarifas\/#primaryimage","url":"https:\/\/radiolitoral.com\/wp-content\/uploads\/2024\/09\/Logo-radio-litoral-imprenta_vertical-png-300x300.png","contentUrl":"https:\/\/radiolitoral.com\/wp-content\/uploads\/2024\/09\/Logo-radio-litoral-imprenta_vertical-png-300x300.png"},{"@type":"BreadcrumbList","@id":"https:\/\/radiolitoral.com\/tarifas\/#breadcrumb","itemListElement":[{"@type":"ListItem","position":1,"name":"Portada","item":"https:\/\/radiolitoral.com\/"},{"@type":"ListItem","position":2,"name":"Tarifas"}]},{"@type":"WebSite","@id":"https:\/\/radiolitoral.com\/#website","url":"https:\/\/radiolitoral.com\/","name":"R\u00e0dio Litoral","description":"La r\u00e0dio local de la Marina Alta","publisher":{"@id":"https:\/\/radiolitoral.com\/#organization"},"alternateName":"Litoral FM","potentialAction":[{"@type":"SearchAction","target":{"@type":"EntryPoint","urlTemplate":"https:\/\/radiolitoral.com\/?s={search_term_string}"},"query-input":{"@type":"PropertyValueSpecification","valueRequired":true,"valueName":"search_term_string"}}],"inLanguage":"ca"},{"@type":"Organization","@id":"https:\/\/radiolitoral.com\/#organization","name":"R\u00e0dio Litoral","url":"https:\/\/radiolitoral.com\/","logo":{"@type":"ImageObject","inLanguage":"ca","@id":"https:\/\/radiolitoral.com\/#\/schema\/logo\/image\/","url":"https:\/\/media.radiolitoral.com\/wp-content\/uploads\/2023\/02\/24143238\/CL-V-RadioLitoral696.png","contentUrl":"https:\/\/media.radiolitoral.com\/wp-content\/uploads\/2023\/02\/24143238\/CL-V-RadioLitoral696.png","width":696,"height":696,"caption":"Radio Litoral"},"image":{"@id":"https:\/\/radiolitoral.com\/#\/schema\/logo\/image\/"},"sameAs":["https:\/\/www.facebook.com\/Laradiolitoral\/"]}]}},"_links":{"self":[{"href":"https:\/\/radiolitoral.com\/ca\/wp-json\/wp\/v2\/pages\/11439","targetHints":{"allow":["GET"]}}],"collection":[{"href":"https:\/\/radiolitoral.com\/ca\/wp-json\/wp\/v2\/pages"}],"about":[{"href":"https:\/\/radiolitoral.com\/ca\/wp-json\/wp\/v2\/types\/page"}],"author":[{"embeddable":true,"href":"https:\/\/radiolitoral.com\/ca\/wp-json\/wp\/v2\/users\/15"}],"replies":[{"embeddable":true,"href":"https:\/\/radiolitoral.com\/ca\/wp-json\/wp\/v2\/comments?post=11439"}],"version-history":[{"count":8,"href":"https:\/\/radiolitoral.com\/ca\/wp-json\/wp\/v2\/pages\/11439\/revisions"}],"predecessor-version":[{"id":11472,"href":"https:\/\/radiolitoral.com\/ca\/wp-json\/wp\/v2\/pages\/11439\/revisions\/11472"}],"wp:attachment":[{"href":"https:\/\/radiolitoral.com\/ca\/wp-json\/wp\/v2\/media?parent=11439"}],"curies":[{"name":"wp","href":"https:\/\/api.w.org\/{rel}","templated":true}]}}