{"id":1068,"date":"2023-03-02T11:04:27","date_gmt":"2023-03-02T10:04:27","guid":{"rendered":"https:\/\/radiolitoral.com\/?page_id=1068"},"modified":"2025-11-05T11:15:45","modified_gmt":"2025-11-05T10:15:45","slug":"contactans","status":"publish","type":"page","link":"https:\/\/radiolitoral.com\/ca\/contactanos\/","title":{"rendered":"Contacta&#039;ns"},"content":{"rendered":"<p>Si necessites informaci\u00f3 sobre la nostra publicitat, programaci\u00f3 o qualsevol altre tema vinculat a R\u00c0DIO LITORAL i els seus productes: Litoral FM o la WEB radiolitoral.com, no dubtis en comunicar-te amb nosaltres pel mitj\u00e0 que prefereixis. Som aqu\u00ed per ajudar-te. <a href=\"https:\/\/radiolitoral.com\/ca\/tarifes\/\">Consulta les nostres tarifes<\/a>.<\/p>\n<p><strong>\ud83d\udccdBenissa (Alacant)<\/strong><\/p>\n<p><strong>\ud83d\udcf2 96 573 23 83<\/strong><\/p>\n<p>&nbsp;<\/p>","protected":false},"excerpt":{"rendered":"<p>Si necesitas informaci\u00f3n sobre nuestra publicidad, programaci\u00f3n o cualquier otro tema vinculado a RADIO LITORAL y sus productos: Litoral FM o la WEB radiolitoral.com, no dudes en comunicarte con nosotros por el medio que prefieras. Estamos aqu\u00ed para ayudarte. Consulta nuestras tarifas. \ud83d\udccdBenissa (Alicante) \ud83d\udcf2 96 573 23 83 &nbsp; [&#8230;]<\/p>\n<p><a class=\"btn btn-secondary understrap-read-more-link\" href=\"https:\/\/radiolitoral.com\/ca\/contactanos\/\">Continua llegint&#8230;<span class=\"screen-reader-text\"> from Cont\u00e1ctanos<\/span><\/a><\/p>\n","protected":false},"author":21,"featured_media":0,"parent":0,"menu_order":0,"comment_status":"closed","ping_status":"closed","template":"","meta":{"_acf_changed":false,"inline_featured_image":false,"footnotes":""},"class_list":["post-1068","page","type-page","status-publish","hentry"],"acf":[],"yoast_head":"<!-- This site is optimized with the Yoast SEO plugin v27.5 - https:\/\/yoast.com\/product\/yoast-seo-wordpress\/ -->\n<title>Cont\u00e1ctanos | R\u00e0dio Litoral<\/title>\n<meta name=\"robots\" content=\"index, follow, max-snippet:-1, max-image-preview:large, max-video-preview:-1\" \/>\n<link rel=\"canonical\" href=\"https:\/\/radiolitoral.com\/ca\/contactans\/\" \/>\n<meta property=\"og:locale\" content=\"ca_ES\" \/>\n<meta property=\"og:type\" content=\"article\" \/>\n<meta property=\"og:title\" content=\"Cont\u00e1ctanos | R\u00e0dio Litoral\" \/>\n<meta property=\"og:description\" content=\"Si necesitas informaci\u00f3n sobre nuestra publicidad, programaci\u00f3n o cualquier otro tema vinculado a RADIO LITORAL y sus productos: Litoral FM o la WEB radiolitoral.com, no dudes en comunicarte con nosotros por el medio que prefieras. Estamos aqu\u00ed para ayudarte. Consulta nuestras tarifas. \ud83d\udccdBenissa (Alicante) \ud83d\udcf2 96 573 23 83 &nbsp; [...]Continua llegint... from Cont\u00e1ctanos\" \/>\n<meta property=\"og:url\" content=\"https:\/\/radiolitoral.com\/ca\/contactans\/\" \/>\n<meta property=\"og:site_name\" content=\"R\u00e0dio Litoral\" \/>\n<meta property=\"article:publisher\" content=\"https:\/\/www.facebook.com\/Laradiolitoral\/\" \/>\n<meta property=\"article:modified_time\" content=\"2025-11-05T10:15:45+00:00\" \/>\n<meta property=\"og:image\" content=\"https:\/\/media.radiolitoral.com\/wp-content\/uploads\/2023\/02\/24143238\/CL-V-RadioLitoral.png\" \/>\n\t<meta property=\"og:image:width\" content=\"1200\" \/>\n\t<meta property=\"og:image:height\" content=\"675\" \/>\n\t<meta property=\"og:image:type\" content=\"image\/png\" \/>\n<meta name=\"twitter:card\" content=\"summary_large_image\" \/>\n<meta name=\"twitter:label1\" content=\"Temps estimat de lectura\" \/>\n\t<meta name=\"twitter:data1\" content=\"1 minut\" \/>\n<script type=\"application\/ld+json\" class=\"yoast-schema-graph\">{\"@context\":\"https:\\\/\\\/schema.org\",\"@graph\":[{\"@type\":\"WebPage\",\"@id\":\"https:\\\/\\\/radiolitoral.com\\\/contactanos\\\/\",\"url\":\"https:\\\/\\\/radiolitoral.com\\\/contactanos\\\/\",\"name\":\"Cont\u00e1ctanos | R\u00e0dio Litoral\",\"isPartOf\":{\"@id\":\"https:\\\/\\\/radiolitoral.com\\\/#website\"},\"datePublished\":\"2023-03-02T10:04:27+00:00\",\"dateModified\":\"2025-11-05T10:15:45+00:00\",\"breadcrumb\":{\"@id\":\"https:\\\/\\\/radiolitoral.com\\\/contactanos\\\/#breadcrumb\"},\"inLanguage\":\"ca\",\"potentialAction\":[{\"@type\":\"ReadAction\",\"target\":[\"https:\\\/\\\/radiolitoral.com\\\/contactanos\\\/\"]}]},{\"@type\":\"BreadcrumbList\",\"@id\":\"https:\\\/\\\/radiolitoral.com\\\/contactanos\\\/#breadcrumb\",\"itemListElement\":[{\"@type\":\"ListItem\",\"position\":1,\"name\":\"Portada\",\"item\":\"https:\\\/\\\/radiolitoral.com\\\/\"},{\"@type\":\"ListItem\",\"position\":2,\"name\":\"Cont\u00e1ctanos\"}]},{\"@type\":\"WebSite\",\"@id\":\"https:\\\/\\\/radiolitoral.com\\\/#website\",\"url\":\"https:\\\/\\\/radiolitoral.com\\\/\",\"name\":\"Radio Litoral\",\"description\":\"La radio local de la Marina Alta\",\"publisher\":{\"@id\":\"https:\\\/\\\/radiolitoral.com\\\/#organization\"},\"alternateName\":\"Litoral FM\",\"potentialAction\":[{\"@type\":\"SearchAction\",\"target\":{\"@type\":\"EntryPoint\",\"urlTemplate\":\"https:\\\/\\\/radiolitoral.com\\\/?s={search_term_string}\"},\"query-input\":{\"@type\":\"PropertyValueSpecification\",\"valueRequired\":true,\"valueName\":\"search_term_string\"}}],\"inLanguage\":\"ca\"},{\"@type\":\"Organization\",\"@id\":\"https:\\\/\\\/radiolitoral.com\\\/#organization\",\"name\":\"Radio Litoral\",\"url\":\"https:\\\/\\\/radiolitoral.com\\\/\",\"logo\":{\"@type\":\"ImageObject\",\"inLanguage\":\"ca\",\"@id\":\"https:\\\/\\\/radiolitoral.com\\\/#\\\/schema\\\/logo\\\/image\\\/\",\"url\":\"https:\\\/\\\/media.radiolitoral.com\\\/wp-content\\\/uploads\\\/2023\\\/02\\\/24143238\\\/CL-V-RadioLitoral696.png\",\"contentUrl\":\"https:\\\/\\\/media.radiolitoral.com\\\/wp-content\\\/uploads\\\/2023\\\/02\\\/24143238\\\/CL-V-RadioLitoral696.png\",\"width\":696,\"height\":696,\"caption\":\"Radio Litoral\"},\"image\":{\"@id\":\"https:\\\/\\\/radiolitoral.com\\\/#\\\/schema\\\/logo\\\/image\\\/\"},\"sameAs\":[\"https:\\\/\\\/www.facebook.com\\\/Laradiolitoral\\\/\"]}]}<\/script>\n<!-- \/ Yoast SEO plugin. -->","yoast_head_json":{"title":"Contacta&#039;ns | R\u00e0dio Litoral","robots":{"index":"index","follow":"follow","max-snippet":"max-snippet:-1","max-image-preview":"max-image-preview:large","max-video-preview":"max-video-preview:-1"},"canonical":"https:\/\/radiolitoral.com\/ca\/contactans\/","og_locale":"ca_ES","og_type":"article","og_title":"Cont\u00e1ctanos | R\u00e0dio Litoral","og_description":"Si necesitas informaci\u00f3n sobre nuestra publicidad, programaci\u00f3n o cualquier otro tema vinculado a RADIO LITORAL y sus productos: Litoral FM o la WEB radiolitoral.com, no dudes en comunicarte con nosotros por el medio que prefieras. Estamos aqu\u00ed para ayudarte. Consulta nuestras tarifas. \ud83d\udccdBenissa (Alicante) \ud83d\udcf2 96 573 23 83 &nbsp; [...]Continua llegint... from Cont\u00e1ctanos","og_url":"https:\/\/radiolitoral.com\/ca\/contactans\/","og_site_name":"R\u00e0dio Litoral","article_publisher":"https:\/\/www.facebook.com\/Laradiolitoral\/","article_modified_time":"2025-11-05T10:15:45+00:00","og_image":[{"width":1200,"height":675,"url":"https:\/\/media.radiolitoral.com\/wp-content\/uploads\/2023\/02\/24143238\/CL-V-RadioLitoral.png","type":"image\/png"}],"twitter_card":"summary_large_image","twitter_misc":{"Temps estimat de lectura":"1 minut"},"schema":{"@context":"https:\/\/schema.org","@graph":[{"@type":"WebPage","@id":"https:\/\/radiolitoral.com\/contactanos\/","url":"https:\/\/radiolitoral.com\/contactanos\/","name":"Contacta&#039;ns | R\u00e0dio Litoral","isPartOf":{"@id":"https:\/\/radiolitoral.com\/#website"},"datePublished":"2023-03-02T10:04:27+00:00","dateModified":"2025-11-05T10:15:45+00:00","breadcrumb":{"@id":"https:\/\/radiolitoral.com\/contactanos\/#breadcrumb"},"inLanguage":"ca","potentialAction":[{"@type":"ReadAction","target":["https:\/\/radiolitoral.com\/contactanos\/"]}]},{"@type":"BreadcrumbList","@id":"https:\/\/radiolitoral.com\/contactanos\/#breadcrumb","itemListElement":[{"@type":"ListItem","position":1,"name":"Portada","item":"https:\/\/radiolitoral.com\/"},{"@type":"ListItem","position":2,"name":"Cont\u00e1ctanos"}]},{"@type":"WebSite","@id":"https:\/\/radiolitoral.com\/#website","url":"https:\/\/radiolitoral.com\/","name":"R\u00e0dio Litoral","description":"La r\u00e0dio local de la Marina Alta","publisher":{"@id":"https:\/\/radiolitoral.com\/#organization"},"alternateName":"Litoral FM","potentialAction":[{"@type":"SearchAction","target":{"@type":"EntryPoint","urlTemplate":"https:\/\/radiolitoral.com\/?s={search_term_string}"},"query-input":{"@type":"PropertyValueSpecification","valueRequired":true,"valueName":"search_term_string"}}],"inLanguage":"ca"},{"@type":"Organization","@id":"https:\/\/radiolitoral.com\/#organization","name":"R\u00e0dio Litoral","url":"https:\/\/radiolitoral.com\/","logo":{"@type":"ImageObject","inLanguage":"ca","@id":"https:\/\/radiolitoral.com\/#\/schema\/logo\/image\/","url":"https:\/\/media.radiolitoral.com\/wp-content\/uploads\/2023\/02\/24143238\/CL-V-RadioLitoral696.png","contentUrl":"https:\/\/media.radiolitoral.com\/wp-content\/uploads\/2023\/02\/24143238\/CL-V-RadioLitoral696.png","width":696,"height":696,"caption":"Radio Litoral"},"image":{"@id":"https:\/\/radiolitoral.com\/#\/schema\/logo\/image\/"},"sameAs":["https:\/\/www.facebook.com\/Laradiolitoral\/"]}]}},"_links":{"self":[{"href":"https:\/\/radiolitoral.com\/ca\/wp-json\/wp\/v2\/pages\/1068","targetHints":{"allow":["GET"]}}],"collection":[{"href":"https:\/\/radiolitoral.com\/ca\/wp-json\/wp\/v2\/pages"}],"about":[{"href":"https:\/\/radiolitoral.com\/ca\/wp-json\/wp\/v2\/types\/page"}],"author":[{"embeddable":true,"href":"https:\/\/radiolitoral.com\/ca\/wp-json\/wp\/v2\/users\/21"}],"replies":[{"embeddable":true,"href":"https:\/\/radiolitoral.com\/ca\/wp-json\/wp\/v2\/comments?post=1068"}],"version-history":[{"count":12,"href":"https:\/\/radiolitoral.com\/ca\/wp-json\/wp\/v2\/pages\/1068\/revisions"}],"predecessor-version":[{"id":19134,"href":"https:\/\/radiolitoral.com\/ca\/wp-json\/wp\/v2\/pages\/1068\/revisions\/19134"}],"wp:attachment":[{"href":"https:\/\/radiolitoral.com\/ca\/wp-json\/wp\/v2\/media?parent=1068"}],"curies":[{"name":"wp","href":"https:\/\/api.w.org\/{rel}","templated":true}]}}